{"id":7,"date":"2015-07-11T14:38:45","date_gmt":"2015-07-11T17:38:45","guid":{"rendered":"http:\/\/www.amandatolomelli.pro.br\/site\/?page_id=7"},"modified":"2021-01-31T23:59:25","modified_gmt":"2021-02-01T02:59:25","slug":"projetos","status":"publish","type":"page","link":"https:\/\/www.amandatolomelli.pro.br\/site\/index.php\/projetos\/","title":{"rendered":"Projetos"},"content":{"rendered":"<h2 style=\"text-align: justify;\"><em><strong>Projetos atuais<\/strong><\/em><\/h2>\n<ul style=\"text-align: justify;\">\n<li><a href=\"https:\/\/revista.uemg.br\/index.php\/sciasedcomtec\/index\"><strong>Revista SCIAS &#8211; Educa\u00e7\u00e3o, Comunica\u00e7\u00e3o e Tecnologia<\/strong><\/a>: Atuo como Editora-Chefe deste peri\u00f3dico desde sua funda\u00e7\u00e3o, no ano de 2019.<\/li>\n<li><strong><a href=\"https:\/\/seer.ufmg.br\/index.php\/rdes\/index\" target=\"_blank\" rel=\"noopener\">Revista Doc\u00eancia do Ensino Superior<\/a>:<\/strong> Atuo na Comiss\u00e3o Editorial desta revista desde janeiro de 2015, trabalhando com o SEER\/OJS e desenvolvendo em conjunto com a equipe a pol\u00edtica editorial desta revista.<\/li>\n<li><strong>Universidade do Estado de Minas Gerais<\/strong>: Atuo como professora do curso de Pedagogia da Faculdade de Educa\u00e7\u00e3o na \u00e1rea de Educa\u00e7\u00e3o e Tecnologia.<\/li>\n<li><strong>PUC Minas<\/strong>: Sou docente convidada da PUC Minas nos cursos de forma\u00e7\u00e3o de professores, atuando na disciplina a dist\u00e2ncia Educa\u00e7\u00e3o, Ciberespa\u00e7o e Cibercultura, desde o ano de 2020.<\/li>\n<\/ul>\n<h2 style=\"text-align: justify;\"><em><strong>Projetos encerrados<\/strong><\/em><\/h2>\n<ul>\n<li><strong>Clube de Leitura UEMG<\/strong>: Idealizadora e executora do Projeto de Extens\u00e3o Clube de Leitura Virtual UEMG entre os meses de maio a dezembro de 2020 com as professoras Aline Choucair Vaz e Eliane Machado.<\/li>\n<li><strong>Centro de Comunica\u00e7\u00e3o FaE\/UEMG<\/strong>: Coordenei o Centro de Comunica\u00e7\u00e3o da Faculdade de Educa\u00e7\u00e3o da UEMG de fevereiro de 2018 a mar\u00e7o de 2020.<\/li>\n<li><strong>Editora UEMG<\/strong>: Assessorei a Editora UEMG na constru\u00e7\u00e3o de sua pol\u00edtica de peri\u00f3dicos cient\u00edficos, compondo seu Conselho Editorial de 2019 at\u00e9 2022.<\/li>\n<li><strong>Revista Educa\u00e7\u00e3o em Foco<\/strong>: Atuei como Editora Gerente e Editora-Chefe deste peri\u00f3dico de dezembro de 2017 a julho de 2020.<\/li>\n<li style=\"text-align: justify;\"><strong>Curso de Pedagogia UAB\/UFMG:<\/strong> Atuei como membro da Equipe do Eixo Integrador do curso de Pedagogia a dist\u00e2ncia da UFMG desde 2011, trabalhando no suporte a tutores e professores no desenvolvimento de atividades no Moodle.<\/li>\n<li><strong><a href=\"https:\/\/www.periodicosdeminas.ufmg.br\/\">Peri\u00f3dicos de Minas<\/a><\/strong>: Atuei como colaboradora externa na constru\u00e7\u00e3o do portal Peri\u00f3dicos de Minas.<\/li>\n<li style=\"text-align: justify;\"><strong>Pol\u00edtica de peri\u00f3dicos da UFMG<\/strong>: Atuei como membro da equipe de desenvolvimento da pol\u00edtica de peri\u00f3dicos da Universidade Federal de Minas Gerais, no desenvolvimento do Portal de peri\u00f3dicos cient\u00edficos desta institui\u00e7\u00e3o e do cat\u00e1logo de peri\u00f3dicos, ambos lan\u00e7ados em outubro de 2015.<\/li>\n<li style=\"text-align: justify;\"><strong>Curso A3 Anglo American &#8211; FCM Virtual:\u00a0<\/strong>Atuei como consultora t\u00e9cnica pedag\u00f3gica no m\u00eas de julho de 2015,\u00a0no curso de Gerenciamento de Riscos oferecido pela Funda\u00e7\u00e3o Cefet Minas Virtual para a empresa Anglo American.<\/li>\n<li style=\"text-align: justify;\"><strong>Tr\u00edaga Escola de Gest\u00e3o e Sa\u00fade:\u00a0<\/strong>Atuei como consultora pedag\u00f3gica para o desenvolvimento de cursos em EaD na \u00e1rea de sa\u00fade por 4 meses, desenvolvendo cursos com uma equipe interdisciplinar na \u00e1rea de oftalmologia.<\/li>\n<li style=\"text-align: justify;\"><strong>Rede e-Tec Brasil &#8211; CEFET-MG<\/strong>: Atuei como coordenadora pedag\u00f3gica do projeto e-Tec Brasil no CEFET-MG por 3 anos, nos cursos de Meio Ambiente, Inform\u00e1tica para Internet e Eletroeletr\u00f4nica.<\/li>\n<li style=\"text-align: justify;\"><strong>Orienta\u00e7\u00e3o de TCC da especializa\u00e7\u00e3o em Gest\u00e3o e Doc\u00eancia da EaD &#8211; UFSC:\u00a0\u00a0<\/strong>Atuei a dist\u00e2ncia nesta especializa\u00e7\u00e3o concluindo com \u00eaxito a orienta\u00e7\u00e3o de Trabalho de Conclus\u00e3o de Curso de 7 alunos.<\/li>\n<li style=\"text-align: justify;\"><strong>Editora FTD<\/strong>: Percorri cidades do interior de Minas Gerais pela Editora FTD falando sobre reposit\u00f3rios de objetos de aprendizagem para o ensino fundamental.<\/li>\n<li style=\"text-align: justify;\"><strong>Univ\u00e1s Virtual<\/strong>: Capacita\u00e7\u00e3o presencial de tutores, professores e coordenadores no per\u00edodo de implanta\u00e7\u00e3o da EaD na Univ\u00e1s, em Pouso Alegre\/MG.<\/li>\n<li style=\"text-align: justify;\"><b>GIZ &#8211; PROGRAD &#8211; UFMG:\u00a0<\/b>Atuei como tutora no PerCurso Docente, discutindo os desafios e perspectivas da educa\u00e7\u00e3o superior visando identificar e promover as habilidades necess\u00e1rias para que o docente, amplie e consolide sua compet\u00eancia did\u00e1tica na doc\u00eancia do ensino superior.<\/li>\n<li style=\"text-align: justify;\"><strong>Tutoria no curso de especializa\u00e7\u00e3o em Produ\u00e7\u00e3o de Material Did\u00e1tico para a Diversidade &#8211; UFLA:\u00a0<\/strong>Atuei como bolsista por 2 anos neste curso, acompanhando as alunas em um Ambiente Virtual de Aprendizagem e tamb\u00e9m nos encontros presenciais na cidade de Boa Esperan\u00e7a\/MG.<\/li>\n<li style=\"text-align: justify;\"><b>Estudar Educa\u00e7\u00e3o e Tecnologia:\u00a0<\/b>Atuei como consultora e Design Instrucional no desenvolvimento de materiais de diversos cursos da \u00e1rea de Gerenciamento e tamb\u00e9m de Atendimento a Clientes.<\/li>\n<li style=\"text-align: justify;\"><strong>M\u00e3os de Minas:\u00a0<\/strong>Atuei como consultora no desenvolvimento de materiais para cursos a dist\u00e2ncia para artes\u00e3os de toda Minas Gerais.<\/li>\n<\/ul>\n","protected":false},"excerpt":{"rendered":"<p>Projetos atuais Revista SCIAS &#8211; Educa\u00e7\u00e3o, Comunica\u00e7\u00e3o e Tecnologia: Atuo como Editora-Chefe deste peri\u00f3dico desde sua funda\u00e7\u00e3o, no ano de 2019. Revista Doc\u00eancia do Ensino&#8230;<\/p>\n<div class=\"more-link-wrapper\"><a class=\"more-link\" href=\"https:\/\/www.amandatolomelli.pro.br\/site\/index.php\/projetos\/\">Vem ler mais&#8230;<span class=\"screen-reader-text\">Projetos<\/span><\/a><\/div>\n","protected":false},"author":1,"featured_media":0,"parent":0,"menu_order":0,"comment_status":"closed","ping_status":"closed","template":"","meta":{"footnotes":""},"_links":{"self":[{"href":"https:\/\/www.amandatolomelli.pro.br\/site\/index.php\/wp-json\/wp\/v2\/pages\/7"}],"collection":[{"href":"https:\/\/www.amandatolomelli.pro.br\/site\/index.php\/wp-json\/wp\/v2\/pages"}],"about":[{"href":"https:\/\/www.amandatolomelli.pro.br\/site\/index.php\/wp-json\/wp\/v2\/types\/page"}],"author":[{"embeddable":true,"href":"https:\/\/www.amandatolomelli.pro.br\/site\/index.php\/wp-json\/wp\/v2\/users\/1"}],"replies":[{"embeddable":true,"href":"https:\/\/www.amandatolomelli.pro.br\/site\/index.php\/wp-json\/wp\/v2\/comments?post=7"}],"version-history":[{"count":22,"href":"https:\/\/www.amandatolomelli.pro.br\/site\/index.php\/wp-json\/wp\/v2\/pages\/7\/revisions"}],"predecessor-version":[{"id":347,"href":"https:\/\/www.amandatolomelli.pro.br\/site\/index.php\/wp-json\/wp\/v2\/pages\/7\/revisions\/347"}],"wp:attachment":[{"href":"https:\/\/www.amandatolomelli.pro.br\/site\/index.php\/wp-json\/wp\/v2\/media?parent=7"}],"curies":[{"name":"wp","href":"https:\/\/api.w.org\/{rel}","templated":true}]}}