{"id":304,"date":"2021-01-31T22:53:03","date_gmt":"2021-02-01T01:53:03","guid":{"rendered":"http:\/\/www.amandatolomelli.pro.br\/site\/?page_id=304"},"modified":"2024-01-29T15:19:41","modified_gmt":"2024-01-29T18:19:41","slug":"home","status":"publish","type":"page","link":"https:\/\/www.amandatolomelli.pro.br\/site\/","title":{"rendered":""},"content":{"rendered":"\n<p class=\"has-regular-font-size\"><kbd>Oi, sou Amanda Tolomelli, professora permanente do Programa P\u00f3s-Gradua\u00e7\u00e3o em Educa\u00e7\u00e3o e Forma\u00e7\u00e3o Humana (Mestrado Acad\u00eamico) da Faculdade de Educa\u00e7\u00e3o da Universidade do Estado de Minas Gerais (FaE\/UEMG)&nbsp; e da \u00e1rea de Educa\u00e7\u00e3o e Tecnologia do curso de Pedagogia da Faculdade de Educa\u00e7\u00e3o da Universidade do Estado de Minas Gerais! <\/kbd><\/p>\n\n\n\n<p class=\"has-regular-font-size\"><kbd>Neste site vamos conversar sobre Tecnologias Educacionais, Peri\u00f3dicos Cient\u00edficos (sou editora de peri\u00f3dicos desde 2014), Educa\u00e7\u00e3o a Dist\u00e2ncia e agora, mais recentemente Intelig\u00eancia Artificial e educa\u00e7\u00e3o... tem propostas de temas? Mande mensagem pra mim, vamos conversar!<\/kbd><\/p>\n\n\n\n<p class=\"has-regular-font-size\"><kbd>Sou associada \u00e0 <\/kbd><\/p>\n\n\n\n<figure class=\"wp-block-image size-full is-resized\"><a href=\"https:\/\/www.abed.org.br\/site\/pt\/associados\/consulta_associados_abed\/?busca_rapida=amanda\" target=\"_blank\" rel=\"noreferrer noopener\"><img decoding=\"async\" loading=\"lazy\" width=\"420\" height=\"425\" src=\"https:\/\/www.amandatolomelli.pro.br\/site\/wp-content\/uploads\/2024\/01\/abedassociado.jpg\" alt=\"\" class=\"wp-image-465\" style=\"aspect-ratio:0.9882352941176471;width:118px;height:auto\" srcset=\"https:\/\/www.amandatolomelli.pro.br\/site\/wp-content\/uploads\/2024\/01\/abedassociado.jpg 420w, https:\/\/www.amandatolomelli.pro.br\/site\/wp-content\/uploads\/2024\/01\/abedassociado-296x300.jpg 296w\" sizes=\"(max-width: 420px) 100vw, 420px\" \/><\/a><\/figure>\n\n\n\n<figure class=\"wp-block-image size-large is-resized\"><a href=\"https:\/\/www.anped.org.br\/\" target=\"_blank\" rel=\"noreferrer noopener\"><img decoding=\"async\" loading=\"lazy\" width=\"1024\" height=\"134\" src=\"https:\/\/www.amandatolomelli.pro.br\/site\/wp-content\/uploads\/2024\/01\/anped-1-1024x134.png\" alt=\"\" class=\"wp-image-468\" style=\"aspect-ratio:7.641791044776119;width:489px;height:auto\" srcset=\"https:\/\/www.amandatolomelli.pro.br\/site\/wp-content\/uploads\/2024\/01\/anped-1-1024x134.png 1024w, https:\/\/www.amandatolomelli.pro.br\/site\/wp-content\/uploads\/2024\/01\/anped-1-300x39.png 300w, https:\/\/www.amandatolomelli.pro.br\/site\/wp-content\/uploads\/2024\/01\/anped-1-768x100.png 768w, https:\/\/www.amandatolomelli.pro.br\/site\/wp-content\/uploads\/2024\/01\/anped-1-1536x200.png 1536w, https:\/\/www.amandatolomelli.pro.br\/site\/wp-content\/uploads\/2024\/01\/anped-1-2048x267.png 2048w\" sizes=\"(max-width: 1024px) 100vw, 1024px\" \/><\/a><\/figure>\n\n\n\n<p class=\"has-large-font-size\"><kbd>Acesse tamb\u00e9m ao <strong><a href=\"https:\/\/www.amandatolomelli.pro.br\/site\/index.php\/blog\/\">blog <\/a><\/strong>e leia as novidades!<\/kbd><\/p>\n","protected":false},"excerpt":{"rendered":"<p>Oi, sou Amanda Tolomelli, professora permanente do Programa P\u00f3s-Gradua\u00e7\u00e3o em Educa\u00e7\u00e3o e Forma\u00e7\u00e3o Humana (Mestrado Acad\u00eamico) da Faculdade de Educa\u00e7\u00e3o da Universidade do Estado de&#8230;<\/p>\n<div class=\"more-link-wrapper\"><a class=\"more-link\" href=\"https:\/\/www.amandatolomelli.pro.br\/site\/\">Vem ler mais&#8230;<span class=\"screen-reader-text\"><\/span><\/a><\/div>\n","protected":false},"author":1,"featured_media":454,"parent":0,"menu_order":0,"comment_status":"closed","ping_status":"closed","template":"","meta":{"footnotes":""},"_links":{"self":[{"href":"https:\/\/www.amandatolomelli.pro.br\/site\/index.php\/wp-json\/wp\/v2\/pages\/304"}],"collection":[{"href":"https:\/\/www.amandatolomelli.pro.br\/site\/index.php\/wp-json\/wp\/v2\/pages"}],"about":[{"href":"https:\/\/www.amandatolomelli.pro.br\/site\/index.php\/wp-json\/wp\/v2\/types\/page"}],"author":[{"embeddable":true,"href":"https:\/\/www.amandatolomelli.pro.br\/site\/index.php\/wp-json\/wp\/v2\/users\/1"}],"replies":[{"embeddable":true,"href":"https:\/\/www.amandatolomelli.pro.br\/site\/index.php\/wp-json\/wp\/v2\/comments?post=304"}],"version-history":[{"count":30,"href":"https:\/\/www.amandatolomelli.pro.br\/site\/index.php\/wp-json\/wp\/v2\/pages\/304\/revisions"}],"predecessor-version":[{"id":470,"href":"https:\/\/www.amandatolomelli.pro.br\/site\/index.php\/wp-json\/wp\/v2\/pages\/304\/revisions\/470"}],"wp:featuredmedia":[{"embeddable":true,"href":"https:\/\/www.amandatolomelli.pro.br\/site\/index.php\/wp-json\/wp\/v2\/media\/454"}],"wp:attachment":[{"href":"https:\/\/www.amandatolomelli.pro.br\/site\/index.php\/wp-json\/wp\/v2\/media?parent=304"}],"curies":[{"name":"wp","href":"https:\/\/api.w.org\/{rel}","templated":true}]}}