{"id":205,"date":"2017-10-26T14:00:58","date_gmt":"2017-10-26T17:00:58","guid":{"rendered":"http:\/\/www.amandatolomelli.pro.br\/site\/?page_id=205"},"modified":"2023-08-21T20:43:50","modified_gmt":"2023-08-21T23:43:50","slug":"materiais-aula","status":"publish","type":"page","link":"https:\/\/www.amandatolomelli.pro.br\/site\/index.php\/materiais-aula\/","title":{"rendered":"Materiais aula"},"content":{"rendered":"<p>Esta \u00e9 uma p\u00e1gina constru\u00edda para indica\u00e7\u00f5es de materiais que ser\u00e3o trabalhados nas disciplinas ou cursos que estou atuando:<\/p>\n<p><a href=\"http:\/\/portaldoprofessor.mec.gov.br\/linksCursosMateriais.html?categoria=40\">Materiais bem legais disponibilizados pelo MEC!<\/a><\/p>\n<ul>\n<li><a href=\"https:\/\/drive.google.com\/file\/d\/1wx6Pdlfhn2q1QdSInTJOYZpi6Fdz-nQT\/view?usp=drive_link\">CHARR\u00c9U, Leonardo. Aprendendo com a orienta\u00e7\u00e3o de relat\u00f3rios de est\u00e1gio na forma\u00e7\u00e3o de professores de artes visuais: entre um ecoespa\u00e7o digital e a edifica\u00e7\u00e3o de um eu profissional mediado pela escrita. In: A forma\u00e7\u00e3o do professor e o ensino das artes visuais. OLIVEIRA, Marilda Oliveira de; HERNANDEZ, Fernando (org.). Santa Maria: UFSM, 2015.<\/a><\/li>\n<li><a href=\"https:\/\/docs.google.com\/document\/d\/14OePh2e3yRb3f_Sn_aW6ZXiRAB22lCLK\/edit?usp=drive_link&amp;ouid=117161841017793916349&amp;rtpof=true&amp;sd=true\">DAYRELL, Juarez (org.) A escola como espa\u00e7o s\u00f3cio-cultural. In: M\u00faltiplos olhares sobre educa\u00e7\u00e3o e cultura. Belo Horizonte: UFMG, 1996.<\/a><\/li>\n<li><a href=\"https:\/\/drive.google.com\/file\/d\/11K0-Qsa7FnwNP3rL4FS0xwMKh3DP-U8x\/view?usp=drive_link\">A import\u00e2ncia do ato de ler<\/a>, de Paulo Freire<\/li>\n<li><a href=\"https:\/\/drive.google.com\/file\/d\/1wOwnVdKPmqh3u1zMPy7ri2ZJACfwNX94\/view?usp=drive_link\">ARROYO, Miguel. O aprendizado do of\u00edcio. In: ARROYO, M. Of\u00edcio de mestre: imagens e auto-imagens. Rio de Janeiro: Vozes, 2000. p. 124 \u2013 134.<\/a><\/li>\n<li><a href=\"https:\/\/drive.google.com\/file\/d\/196iAuFY6H9E-czb1No0JleqBFRIgG7B2\/view?usp=drive_link\">Futuro Ancestral<\/a> &#8211; Ailton Krenak<\/li>\n<li><a href=\"https:\/\/drive.google.com\/file\/d\/1cEBTcKX8T6ommWi7K_M96Ui54cNpxcey\/view?usp=sharing\">A hora da gera\u00e7\u00e3o digital<\/a> &#8211; Don Tapscott<\/li>\n<li><a href=\"https:\/\/drive.google.com\/file\/d\/0Bw4JBz8t7bEJV2treTBnZmtYU3dnb3RVenJ0V0xNRmQtamZV\/view?usp=sharing\" target=\"_blank\" rel=\"noopener\">Educa\u00e7\u00e3o multim\u00eddica<\/a> &#8211; Patr\u00edcia Marks Greenfield<\/li>\n<li><a href=\"https:\/\/drive.google.com\/file\/d\/0Bw4JBz8t7bEJZmFaWG5jUnhfdzVMN1UwUFZub016c3VvR1d3\/view?usp=sharing\" target=\"_blank\" rel=\"noopener\">Mediatiza\u00e7\u00e3o <\/a>&#8211; Maria Luiza Belloni<\/li>\n<li><a href=\"http:\/\/piaui.folha.uol.com.br\/materia\/cooperacao-conturbada\/\" target=\"_blank\" rel=\"noopener\">Coopera\u00e7\u00e3o conturbada &#8211; quem s\u00e3o e por que brigam os editores da Wikip\u00e9dia em portugu\u00eas<\/a> &#8211; Bernardo Esteves<\/li>\n<li><a href=\"http:\/\/www.cartaeducacao.com.br\/entrevistas\/a-wikipedia-e-uma-ferramenta-de-ensino-eficaz\/\">\u201cA Wikip\u00e9dia \u00e9 uma ferramenta de ensino eficaz\u201d<\/a> &#8211; Thais Paiva<\/li>\n<li><a href=\"https:\/\/drive.google.com\/file\/d\/1tcwj3ALf6BH5zpYZOmMzsYRL-KvgGFVd\/view?usp=sharing\">Oficina Wikip\u00e9dia<\/a> &#8211; Material de aula<\/li>\n<li><a href=\"https:\/\/drive.google.com\/file\/d\/0Bw4JBz8t7bEJUE03T3FiVjc2QWc\/view?usp=sharing\">Trabalhando com a hist\u00f3ria romana na Wikip\u00e9dia<\/a><\/li>\n<li><a href=\"https:\/\/drive.google.com\/file\/d\/0Bw4JBz8t7bEJVjQ4a193VjBqVUk\/view?usp=sharing\">A Wikip\u00e9dia como di\u00e1logo entre universidade e sociedade: uma experi\u00eancia em extens\u00e3o universit\u00e1ria<\/a><\/li>\n<li><a href=\"https:\/\/seer.ufmg.br\/index.php\/rdes\/article\/view\/999\">Wikip\u00e9dia: um recurso de ensino e aprendizagem na universidade (ARTIGO MEU)<\/a><\/li>\n<li><a href=\"https:\/\/www.ufmg.br\/ead\/seminario\/anais\/pdf\/Eixo_7.pdf\">WIKIP\u00c9DIA: UMA PORTA DE ENTRADA PARA O CONHECIMENTO? (P\u00d4STER MEU)<\/a><\/li>\n<li><a href=\"http:\/\/sgc.wikibrasil.org\/index.php\/ccbwiki\/2016\/paper\/download\/34\/11\">Wikipediza\u00e7\u00e3o da Educa\u00e7\u00e3o a Dist\u00e2ncia<\/a> (Artigo meu)<\/li>\n<li><a href=\"http:\/\/sgc.wikibrasil.org\/index.php\/ccbwiki\/2016\/paper\/view\/21\">Wikipediza\u00e7\u00e3o da Hist\u00f3ria da Psicologia<\/a> (Artigo meu)<\/li>\n<li><a href=\"https:\/\/drive.google.com\/file\/d\/0Bw4JBz8t7bEJX2Ffb3VUX1VkeVU\/view?usp=sharing\">Confiabilidade no uso da Wikip\u00e9dia como fonte de pesquisa escolar<\/a><\/li>\n<li><a href=\"https:\/\/www.slideshare.net\/secret\/DRLcWCKwdmpuKs\">O que \u00e9 m\u00eddia-educa\u00e7\u00e3o &#8211; Maria Luiza Belloni &#8211; cap\u00edtulo 1 para 21\/03 (formular quest\u00e3o para discuss\u00e3o)<\/a><\/li>\n<li style=\"list-style-image: url('images\/bullet.png');\"><a href=\"https:\/\/drive.google.com\/file\/d\/1kJx9-Wo0d879-NqoAhlUnNFVbKEwqYLv\/view?usp=sharing\" target=\"_blank\" rel=\"noopener\">As m\u00eddias na educa\u00e7\u00e3o &#8211; Jos\u00e9 Moran &#8211; texto lido para 22\/03<\/a><\/li>\n<li><a href=\"http:\/\/webeduc.mec.gov.br\/midiaseducacao\/index6.html#\">Curso do MEC &#8211; M\u00eddias e Educa\u00e7\u00e3o<\/a><\/li>\n<li><a href=\"http:\/\/www.senado.leg.br\/comissoes\/ce\/ap\/AP20111109_Maria_Belloni.pdf\">Educa\u00e7\u00e3o a dist\u00e2ncia e m\u00eddia-educa\u00e7\u00e3o na forma\u00e7\u00e3o profissional &#8211; Maria Luiza Belloni<\/a><\/li>\n<li><a href=\"https:\/\/www.slideshare.net\/AmandaTolomelliBrescia\/livro-bittencourtcirceensinodehistoacuteriafundamentosemeacutetodospdf\" target=\"_blank\" rel=\"noopener\">Ensino de Hist\u00f3ria: fundamentos e m\u00e9todos (vamos trabalhar o cap\u00edtulo 2)<\/a>\u00a0 \u00a0 <a href=\"https:\/\/drive.google.com\/file\/d\/1FQDMWDL7cI4Ml18pmAcJmBPHd_HMz9nv\/view?usp=sharing\">link alternativo<\/a><\/li>\n<li><a href=\"https:\/\/drive.google.com\/file\/d\/1EHR7uJdvDL3aOIY-GNciTso7bWXwrrfP\/view?usp=sharing\">Ensino de Geografia<\/a><\/li>\n<li><a href=\"https:\/\/novaescola.org.br\/conteudo\/3471\/google-earth-e-o-nosso-lugar-no-mundo\">Google Earth e o nosso lugar no mundo<\/a> &#8211; Anna Rachel Ferreira<\/li>\n<li><a href=\"https:\/\/novaescola.org.br\/conteudo\/9904\/como-usar-o-twitter-na-sala-de-aula\">Como usar o Twitter na sala de aula<\/a> &#8211; D\u00e9bora Garofalo<\/li>\n<li><a href=\"https:\/\/novaescola.org.br\/conteudo\/9127\/realidade-virtual-como-viajar-para-outro-pais-sem-sair-de-sua-classe\">Realidade virtual: como viajar para outro pa\u00eds sem sair de sua classe<\/a> &#8211; D\u00e9bora Garofalo<\/li>\n<li><a href=\"https:\/\/novaescola.org.br\/conteudo\/2449\/que-tal-registrar-historias-locais-usando-tecnologia\">Que tal registrar hist\u00f3rias locais usando tecnologia?<\/a> &#8211; Amanda Polato<\/li>\n<li>AULA SOBRE PROJETOS DE TRABALHO<\/li>\n<li><a href=\"http:\/\/www.ppd.net.br\/o-ensino-da-historia-e-da-geografia-por-meio-de-projetos\/\">O ensino da Hist\u00f3ria e da Geografia por meio de projetos<\/a><\/li>\n<li><a href=\"http:\/\/www.moodle.cpscetec.com.br\/capacitacaopos\/mstech\/FP_2015\/pdf\/d1\/aula07\/FOP_d01_a07_t02.pdf\">PROJETOS DE TRABALHO EM SALA DE AULA \u2013 PARTE I<\/a><\/li>\n<li><a href=\"http:\/\/www.moodle.cpscetec.com.br\/capacitacaopos\/mstech\/FP_2015\/pdf\/d1\/aula08\/FOP_d01_a08_t04.pdf\">PROJETOS DE TRABALHO EM SALA DE AULA \u2013 PARTE II<\/a><\/li>\n<li><a href=\"https:\/\/pt.slideshare.net\/AmandaTolomelliBrescia\/texto-da-integrada-geo-histriaportugus\" target=\"_blank\" rel=\"noopener\">Um projeto de trabalho a partir da rela\u00e7\u00e3o hist\u00f3ria e literatura<\/a><\/li>\n<\/ul>\n","protected":false},"excerpt":{"rendered":"<p>Esta \u00e9 uma p\u00e1gina constru\u00edda para indica\u00e7\u00f5es de materiais que ser\u00e3o trabalhados nas disciplinas ou cursos que estou atuando: Materiais bem legais disponibilizados pelo MEC!&#8230;<\/p>\n<div class=\"more-link-wrapper\"><a class=\"more-link\" href=\"https:\/\/www.amandatolomelli.pro.br\/site\/index.php\/materiais-aula\/\">Vem ler mais&#8230;<span class=\"screen-reader-text\">Materiais aula<\/span><\/a><\/div>\n","protected":false},"author":1,"featured_media":0,"parent":0,"menu_order":0,"comment_status":"closed","ping_status":"closed","template":"","meta":{"footnotes":""},"_links":{"self":[{"href":"https:\/\/www.amandatolomelli.pro.br\/site\/index.php\/wp-json\/wp\/v2\/pages\/205"}],"collection":[{"href":"https:\/\/www.amandatolomelli.pro.br\/site\/index.php\/wp-json\/wp\/v2\/pages"}],"about":[{"href":"https:\/\/www.amandatolomelli.pro.br\/site\/index.php\/wp-json\/wp\/v2\/types\/page"}],"author":[{"embeddable":true,"href":"https:\/\/www.amandatolomelli.pro.br\/site\/index.php\/wp-json\/wp\/v2\/users\/1"}],"replies":[{"embeddable":true,"href":"https:\/\/www.amandatolomelli.pro.br\/site\/index.php\/wp-json\/wp\/v2\/comments?post=205"}],"version-history":[{"count":28,"href":"https:\/\/www.amandatolomelli.pro.br\/site\/index.php\/wp-json\/wp\/v2\/pages\/205\/revisions"}],"predecessor-version":[{"id":421,"href":"https:\/\/www.amandatolomelli.pro.br\/site\/index.php\/wp-json\/wp\/v2\/pages\/205\/revisions\/421"}],"wp:attachment":[{"href":"https:\/\/www.amandatolomelli.pro.br\/site\/index.php\/wp-json\/wp\/v2\/media?parent=205"}],"curies":[{"name":"wp","href":"https:\/\/api.w.org\/{rel}","templated":true}]}}