{"id":13,"date":"2015-07-11T14:44:00","date_gmt":"2015-07-11T17:44:00","guid":{"rendered":"http:\/\/www.amandatolomelli.pro.br\/site\/?page_id=13"},"modified":"2024-01-13T11:29:06","modified_gmt":"2024-01-13T14:29:06","slug":"producoes","status":"publish","type":"page","link":"https:\/\/www.amandatolomelli.pro.br\/site\/index.php\/producoes\/","title":{"rendered":"Produ\u00e7\u00f5es"},"content":{"rendered":"<ul>\n<li>Produ\u00e7\u00f5es compartilhadas via <a href=\"https:\/\/prezi.com\/user\/l210hfcpt9wp\/\" target=\"_blank\" rel=\"noopener\">Prezi<\/a><\/li>\n<li>Produ\u00e7\u00f5es compartilhadas via <a href=\"http:\/\/pt.slideshare.net\/AmandaTolomelliBrescia\" target=\"_blank\" rel=\"noopener\">SlideShare<\/a><\/li>\n<li>Produ\u00e7\u00f5es compartilhadas via <a href=\"https:\/\/www.youtube.com\/user\/amandatolomelli\" target=\"_blank\" rel=\"noopener\">YouTube<\/a><\/li>\n<li>Pref\u00e1cio do livro <a href=\"https:\/\/drive.google.com\/file\/d\/1PB7tJwyp_RTMee0L_52En6TfLtvqHiPS\/view\">Educa\u00e7\u00e3o, Tecnologia e Sociedade: Conectar Saberes<\/a> de Andr\u00e9ia de Assis Ferreira e Alexandre Siqueira Guimar\u00e3es<\/li>\n<li>Livro Aprendendo com <a href=\"https:\/\/www.editorafi.org\/165annefrank\">Anne Frank: Hist\u00f3rias que ensinam valores<\/a>, com Aline Choucair e Sandra Mara\u00a0 de Oliveira Vicente<\/li>\n<li>Cap\u00edtulo no livro <a href=\"https:\/\/books.google.com.br\/books?id=PGk3AgAAQBAJ&amp;pg=PA75&amp;lpg=PA75&amp;dq=amanda+tolomelli&amp;source=bl&amp;ots=1W6DeTY3yv&amp;sig=rTLT2eMv019YbZNQpajjGsEp65M&amp;hl=pt-BR&amp;sa=X&amp;ved=0CCwQ6AEwAzgeahUKEwjlydyf2d3GAhVDlA0KHZ-5BaM#v=onepage&amp;q=amanda%20tolomelli&amp;f=false\" target=\"_blank\" rel=\"noopener\">Educa\u00e7\u00e3o Digital: a tecnologia a favor da inclus\u00e3o<\/a><\/li>\n<li>Cap\u00edtulo no livro <a href=\"http:\/\/garagedigital.com.br\/SITE\/wp-content\/uploads\/2012\/05\/ENTENDER_MIDIAS-SOCIAIS_VOL_2.pdf\" target=\"_blank\" rel=\"noopener\">Para entender as m\u00eddias sociais<\/a><\/li>\n<li>Disserta\u00e7\u00e3o de mestrado <a href=\"http:\/\/www.files.scire.net.br\/atrio\/cefet-mg-ppget_upl\/THESIS\/204\/dissertao_amanda_tolomelli.pdf\" target=\"_blank\" rel=\"noopener\">&#8220;Redes Sociais e Educa\u00e7\u00e3o: O Facebook e suas possibilidades pedag\u00f3gicas&#8221;<\/a><\/li>\n<li>Tese de Doutorado <a href=\"https:\/\/repositorio.ufmg.br\/bitstream\/1843\/BUOS-AZWNDU\/1\/texto_tese_amanda_tolomelli_brescia.pdf\">&#8220;CURTIR E COMPARTILHAR: peri\u00f3dicos cient\u00edficos da educa\u00e7\u00e3o na web social&#8221;<\/a><\/li>\n<li>Artigo: <a href=\"https:\/\/revistas.utfpr.edu.br\/rtr\/article\/view\/17292\">As multifacetas da pedagoga no sistema prisional<\/a><\/li>\n<li>Artigo: <a href=\"https:\/\/seer.ufrgs.br\/index.php\/rbpae\/article\/view\/122539\">Acesso e uso de aparatos tecnol\u00f3gicos e internet na educa\u00e7\u00e3o superior em Minas Gerais<\/a><\/li>\n<li>Artigo: <a href=\"https:\/\/revistas.utfpr.edu.br\/rtr\/article\/view\/17292\">Pr\u00e1ticas educativas extensionistas: Anne Frank e hist\u00f3rias que ensinam valores<\/a><\/li>\n<li>Artigo: <a href=\"http:\/\/www.periodicos.univasf.edu.br\/index.php\/revasf\/article\/view\/549\/445\" target=\"_blank\" rel=\"noopener\">A forma\u00e7\u00e3o e o acompanhamento tutoriais por institui\u00e7\u00f5es de ensino a dist\u00e2ncia<\/a><\/li>\n<li>Artigo:\u00a0<a href=\"http:\/\/periodicos.pucminas.br\/index.php\/arquivobrasileiroeducacao\/article\/view\/P.2318-7344.2013v1n1p75\/5543\" target=\"_blank\" rel=\"noopener\">Interatividade em Ambientes Virtuais de Aprendizagem no processo de ensino e aprendizagem na Educa\u00e7\u00e3o a Dist\u00e2ncia<\/a><\/li>\n<li>Artigo: <a href=\"http:\/\/www.nehte.com.br\/simposio\/anais\/Anais-Hipertexto-2012\/Amanda%20Tolomelli%20Brescia%20&amp;%20Jose%20Wilson%20da%20Costa%20-%20As%20possibilidades%20pedagogicas%20do%20Facebook.pdf\" target=\"_blank\" rel=\"noopener\">As possibilidades pedag\u00f3gicas do Facebook<\/a><\/li>\n<li>Artigo: <a href=\"https:\/\/seer.lcc.ufmg.br\/index.php\/rdes\/article\/view\/926\" target=\"_blank\" rel=\"noopener\">De dia aluno de noite professor: a condi\u00e7\u00e3o de alunos de p\u00f3s-gradua\u00e7\u00e3o<\/a><\/li>\n<li>Artigo: <a href=\"http:\/\/blog.newtonpaiva.br\/pos\/wp-content\/uploads\/2013\/02\/E2-PED-20.pdf\" target=\"_blank\" rel=\"noopener\">Paradigmas na Educa\u00e7\u00e3o a Dist\u00e2ncia<\/a><\/li>\n<li>Artigo:\u00a0<a href=\"http:\/\/library.iated.org\/view\/COSTA2013ANA\" target=\"_blank\" rel=\"noopener\">An analysis of experiences on the usage of the social networkig in education<\/a><\/li>\n<li>Artigo: <a href=\"https:\/\/seer.ufmg.br\/index.php\/rdes\/article\/view\/999\" target=\"_blank\" rel=\"noopener\">Wikip\u00e9dia:\u00a0um recurso de ensino e aprendizagem na universidade<\/a><\/li>\n<li>Artigo: <a href=\"http:\/\/sgc.wikibrasil.org\/index.php\/ccbwiki\/2016\/paper\/download\/34\/11\">Wikipediza\u00e7\u00e3o da Educa\u00e7\u00e3o a Dist\u00e2ncia<\/a><\/li>\n<li>Artigo: <a href=\"http:\/\/sgc.wikibrasil.org\/index.php\/ccbwiki\/2016\/paper\/view\/21\">Wikipediza\u00e7\u00e3o da Hist\u00f3ria da Psicologia<\/a><\/li>\n<li>P\u00f4ster (p. 1338): <a href=\"https:\/\/www.ufmg.br\/ead\/seminario\/anais\/pdf\/Eixo_7.pdf\" target=\"_blank\" rel=\"noopener\">WIKIP\u00c9DIA: Uma porta de entrada para o conhecimento<\/a><\/li>\n<li>P\u00f4ster (p. 789):\u00a0<a href=\"https:\/\/www.ufmg.br\/ead\/seminario\/anais\/pdf\/Eixo_4.pdf\" target=\"_blank\" rel=\"noopener\">Redes Sociais Digitais: do surgimento \u00e0 utiliza\u00e7\u00e3o educacional<\/a><\/li>\n<\/ul>\n","protected":false},"excerpt":{"rendered":"<p>Produ\u00e7\u00f5es compartilhadas via Prezi Produ\u00e7\u00f5es compartilhadas via SlideShare Produ\u00e7\u00f5es compartilhadas via YouTube Pref\u00e1cio do livro Educa\u00e7\u00e3o, Tecnologia e Sociedade: Conectar Saberes de Andr\u00e9ia de Assis&#8230;<\/p>\n<div class=\"more-link-wrapper\"><a class=\"more-link\" href=\"https:\/\/www.amandatolomelli.pro.br\/site\/index.php\/producoes\/\">Vem ler mais&#8230;<span class=\"screen-reader-text\">Produ\u00e7\u00f5es<\/span><\/a><\/div>\n","protected":false},"author":1,"featured_media":0,"parent":0,"menu_order":0,"comment_status":"closed","ping_status":"closed","template":"","meta":{"footnotes":""},"_links":{"self":[{"href":"https:\/\/www.amandatolomelli.pro.br\/site\/index.php\/wp-json\/wp\/v2\/pages\/13"}],"collection":[{"href":"https:\/\/www.amandatolomelli.pro.br\/site\/index.php\/wp-json\/wp\/v2\/pages"}],"about":[{"href":"https:\/\/www.amandatolomelli.pro.br\/site\/index.php\/wp-json\/wp\/v2\/types\/page"}],"author":[{"embeddable":true,"href":"https:\/\/www.amandatolomelli.pro.br\/site\/index.php\/wp-json\/wp\/v2\/users\/1"}],"replies":[{"embeddable":true,"href":"https:\/\/www.amandatolomelli.pro.br\/site\/index.php\/wp-json\/wp\/v2\/comments?post=13"}],"version-history":[{"count":22,"href":"https:\/\/www.amandatolomelli.pro.br\/site\/index.php\/wp-json\/wp\/v2\/pages\/13\/revisions"}],"predecessor-version":[{"id":441,"href":"https:\/\/www.amandatolomelli.pro.br\/site\/index.php\/wp-json\/wp\/v2\/pages\/13\/revisions\/441"}],"wp:attachment":[{"href":"https:\/\/www.amandatolomelli.pro.br\/site\/index.php\/wp-json\/wp\/v2\/media?parent=13"}],"curies":[{"name":"wp","href":"https:\/\/api.w.org\/{rel}","templated":true}]}}